{"id":9526,"date":"2023-08-17T09:30:22","date_gmt":"2023-08-17T13:30:22","guid":{"rendered":"https:\/\/www.inovia.vc\/?page_id=9526"},"modified":"2023-11-02T12:47:10","modified_gmt":"2023-11-02T16:47:10","slug":"gestionnaires-emergents","status":"publish","type":"page","link":"https:\/\/www.inovia.vc\/fr\/gestionnaires-emergents\/","title":{"rendered":"Gestionnaires \u00c9mergents"},"content":{"rendered":"\n<div class=\"wp-block-columns is-layout-flex wp-container-core-columns-is-layout-1 wp-block-columns-is-layout-flex\">\n<div class=\"wp-block-column is-layout-flow wp-block-column-is-layout-flow\">\n<p class=\"is-style-p-emphasis\">Nous sommes convaincus que le d\u00e9veloppement d&rsquo;une cohorte de <mark style=\"background-color:rgba(0, 0, 0, 0)\" class=\"has-inline-color has-primary-color\">gestionnaires \u00e9mergents<\/mark> qui soutiennent les entreprises naissantes au moment le plus critique de leur parcours est la cl\u00e9 d&rsquo;un <mark style=\"background-color:rgba(0, 0, 0, 0)\" class=\"has-inline-color has-primary-color\">\u00e9cosyst\u00e8me sain<\/mark>.<\/p>\n<\/div>\n<\/div>\n","protected":false},"excerpt":{"rendered":"<p>Nous sommes convaincus que le d\u00e9veloppement d&rsquo;une cohorte de gestionnaires \u00e9mergents qui soutiennent les entreprises naissantes au moment le plus critique de leur parcours est la cl\u00e9 d&rsquo;un \u00e9cosyst\u00e8me sain.<\/p>\n","protected":false},"author":1,"featured_media":0,"parent":0,"menu_order":0,"comment_status":"closed","ping_status":"closed","template":"template-firm.php","meta":{"_acf_changed":false,"_relevanssi_hide_post":"","_relevanssi_hide_content":"","_relevanssi_pin_for_all":"","_relevanssi_pin_keywords":"","_relevanssi_unpin_keywords":"","_relevanssi_related_keywords":"","_relevanssi_related_include_ids":"","_relevanssi_related_exclude_ids":"","_relevanssi_related_no_append":"","_relevanssi_related_not_related":"","_relevanssi_related_posts":"3597,3468,3467,3571,8320,3604","_relevanssi_noindex_reason":"","inline_featured_image":false,"footnotes":""},"class_list":["post-9526","page","type-page","status-publish","hentry"],"acf":[],"_links":{"self":[{"href":"https:\/\/www.inovia.vc\/fr\/wp-json\/wp\/v2\/pages\/9526","targetHints":{"allow":["GET"]}}],"collection":[{"href":"https:\/\/www.inovia.vc\/fr\/wp-json\/wp\/v2\/pages"}],"about":[{"href":"https:\/\/www.inovia.vc\/fr\/wp-json\/wp\/v2\/types\/page"}],"author":[{"embeddable":true,"href":"https:\/\/www.inovia.vc\/fr\/wp-json\/wp\/v2\/users\/1"}],"replies":[{"embeddable":true,"href":"https:\/\/www.inovia.vc\/fr\/wp-json\/wp\/v2\/comments?post=9526"}],"version-history":[{"count":7,"href":"https:\/\/www.inovia.vc\/fr\/wp-json\/wp\/v2\/pages\/9526\/revisions"}],"predecessor-version":[{"id":9770,"href":"https:\/\/www.inovia.vc\/fr\/wp-json\/wp\/v2\/pages\/9526\/revisions\/9770"}],"wp:attachment":[{"href":"https:\/\/www.inovia.vc\/fr\/wp-json\/wp\/v2\/media?parent=9526"}],"curies":[{"name":"wp","href":"https:\/\/api.w.org\/{rel}","templated":true}]}}