{"id":5967,"date":"2022-04-27T13:42:47","date_gmt":"2022-04-27T17:42:47","guid":{"rendered":"https:\/\/www.inovia.vc\/?page_id=5967"},"modified":"2026-03-03T16:33:05","modified_gmt":"2026-03-03T21:33:05","slug":"politique-de-confidentialite","status":"publish","type":"page","link":"https:\/\/www.inovia.vc\/fr\/politique-de-confidentialite\/","title":{"rendered":"Politique de confidentialit\u00e9"},"content":{"rendered":"\n<p>inovia capital inc. (\u00ab&nbsp;<strong>inovia<\/strong>&nbsp;\u00bb, \u00ab&nbsp;<strong>nous<\/strong>&nbsp;\u00bb) s\u2019engage \u00e0 accorder la priorit\u00e9 aux utilisateurs. Nous nous effor\u00e7ons de faire preuve de transparence quant \u00e0 la fa\u00e7on dont nous recueillons et utilisons vos renseignements. Cette politique de confidentialit\u00e9 vise \u00e0 vous aider \u00e0 comprendre les renseignements que nous recueillons, les raisons pour lesquelles nous le faisons, ce que nous faisons avec vos renseignements, comment nous les prot\u00e9geons et les conditions dans lesquelles nous les transmettons \u00e0 des tiers.<\/p>\n\n\n\n<h3 class=\"wp-block-heading\"><strong>Collecte des renseignements<\/strong><\/h3>\n\n\n\n<p>Nous pouvons recueillir des renseignements lorsque vous interagissez avec&nbsp;<strong>inovia<\/strong>&nbsp;dans les circonstances suivantes&nbsp;:<\/p>\n\n\n\n<ul class=\"wp-block-list\">\n<li><strong>Renseignements que vous nous fournissez.\u00a0<\/strong>Nous pouvons recueillir des renseignements que vous nous fournissez\u00a0: par exemple, lorsque vous soumettez une demande par l\u2019entremise de notre formulaire de contact, lorsque vous vous abonnez pour recevoir notre infolettre et d\u2019autre communications, ou quand vous nous fournissez vos renseignements de toute autre fa\u00e7on.<\/li>\n\n\n\n<li><strong>Renseignements sur les appareils.<\/strong>\u00a0Lorsque vous visitez notre site\u00a0Web, nous recueillons des renseignements \u00e0 partir de vos appareils (ordinateurs, t\u00e9l\u00e9phones mobiles, tablettes, etc.), y compris des informations sur la fa\u00e7on dont vous interagissez avec notre site\u00a0Web et des informations qui nous permettent de reconna\u00eetre et d\u2019associer votre utilisation avec vos autres appareils. Ces renseignements comprennent des identifiants et donn\u00e9es sp\u00e9cifiques \u00e0 l\u2019appareil comme l\u2019adresse\u00a0IP, les renseignements transmis par les t\u00e9moins\u00a0<em>(cookies)<\/em>, le type d\u2019appareil mobile, les identifiants publicitaires, la version du navigateur, le type et la version du syst\u00e8me d\u2019exploitation, les renseignements sur le r\u00e9seau mobile, les param\u00e8tres de l\u2019appareil et les donn\u00e9es logicielles.<\/li>\n\n\n\n<li><strong>Informations de localisation.<\/strong>\u00a0Par des m\u00e9canismes de suivi standards, les renseignements sur votre pays et votre ville peuvent \u00eatre stock\u00e9s dans les donn\u00e9es d\u2019analyse capt\u00e9es pour notre site\u00a0Web.<\/li>\n\n\n\n<li><strong>Renseignements transmis par les t\u00e9moins (<\/strong><strong><em>cookies<\/em><\/strong><strong>) et par d\u2019autres technologies.\u00a0<\/strong>Nous recueillons des renseignements lorsque vous acc\u00e9dez \u00e0 du contenu et \u00e0 des sites (incluant le n\u00f4tre) o\u00f9 des t\u00e9moins (<em>cookies<\/em>) et d\u2019autres technologies sont utilis\u00e9s. Ces renseignements comprennent le contenu ou les publicit\u00e9s diffus\u00e9es, affich\u00e9es ou consult\u00e9es; la fr\u00e9quence et la dur\u00e9e de vos activit\u00e9s; les sites ou applications utilis\u00e9s avant d\u2019acc\u00e9der \u00e0 notre site\u00a0Web et ceux que vous avez utilis\u00e9s par la suite; le fait que vous ayez ou non consult\u00e9 du contenu ou des publicit\u00e9s sp\u00e9cifiques; et le fait que vous ayez visit\u00e9 le site\u00a0Web d\u2019un annonceur, t\u00e9l\u00e9charg\u00e9 l\u2019application d\u2019un annonceur, achet\u00e9 un produit ou service annonc\u00e9 ou pris d\u2019autres mesures.<\/li>\n<\/ul>\n\n\n\n<h3 class=\"wp-block-heading\"><strong>Comment nous utilisons vos renseignements<\/strong><\/h3>\n\n\n\n<p>Nous sommes en mesure de r\u00e9aliser, de personnaliser et d\u2019am\u00e9liorer notre site&nbsp;Web en r\u00e9unissant et utilisant les renseignements que nous d\u00e9tenons \u00e0 votre sujet (y compris l\u2019information que nous recevons \u00e0 partir de notre site&nbsp;Web et d\u2019ailleurs) afin de mieux comprendre comment vous utilisez notre site&nbsp;Web et interagissez avec celui-ci et avec les gens ou les produits auxquels vous \u00eates associ\u00e9s et qui vous int\u00e9ressent. Nous pouvons \u00e9galement utiliser vos renseignements aux fins suivantes&nbsp;:<\/p>\n\n\n\n<ul class=\"wp-block-list\">\n<li>Proposer, maintenir, am\u00e9liorer et concevoir des fonctionnalit\u00e9s et du contenu pertinents pour notre site\u00a0Web;<\/li>\n\n\n\n<li>Mener des recherches et appuyer l\u2019innovation;<\/li>\n\n\n\n<li>Produire des rapports et des analyses sur l\u2019utilisation de notre site\u00a0Web et les tendances qui y sont associ\u00e9es, y compris la pr\u00e9sentation de ces tendances pour \u00e9valuer les pr\u00e9f\u00e9rences g\u00e9n\u00e9rales et l\u2019information sur l\u2019exp\u00e9rience des utilisateurs. Ces analyses et rapports peuvent comprendre de l\u2019information agr\u00e9g\u00e9e ou pseudonymis\u00e9e;<\/li>\n\n\n\n<li>Tenir \u00e0 jour notre liste de personnes-contacts et leurs faire parvenir de l\u2019information sur\u00a0<strong>inovia<\/strong>; et<\/li>\n\n\n\n<li>D\u00e9tecter et pr\u00e9venir les activit\u00e9s frauduleuses, abusives ou ill\u00e9gales.<\/li>\n<\/ul>\n\n\n\n<p>Nous utilisons \u00e9galement les donn\u00e9es anonymis\u00e9es de notre base de donn\u00e9es pour cr\u00e9er des analyses qui nous aident \u00e0 d\u00e9terminer comment am\u00e9liorer notre site&nbsp;Web.<\/p>\n\n\n\n<h3 class=\"wp-block-heading\"><strong>Comment nous partageons vos renseignements<\/strong><\/h3>\n\n\n\n<p>Nous ne vendons, n\u2019\u00e9changeons, ne divulguons ni ne partageons de quelque fa\u00e7on que ce soit \u00e0 des tiers des renseignements pouvant vous identifier individuellement, sauf dans les circonstances suivantes&nbsp;:<\/p>\n\n\n\n<ul class=\"wp-block-list\">\n<li><strong>Avec votre consentement.\u00a0<\/strong>Nous partagerons vos renseignements avec des tiers lorsque nous aurons obtenu votre consentement pr\u00e9alable.<\/li>\n\n\n\n<li><strong>Avec des partenaires et d\u2019autres tiers.\u00a0<\/strong>Nous pouvons partager vos renseignements avec des tiers affili\u00e9s et non affili\u00e9s dans les cas suivants\u00a0:\n<ul class=\"wp-block-list\">\n<li><strong>Afffili\u00e9s et partenaires de confiance.\u00a0<\/strong>Nous fournissons de l\u2019information sur les utilisateurs \u00e0 des affili\u00e9s et des partenaires de confiance qui travaillent pour notre compte ou en collaboration avec nous selon nos directives et en conformit\u00e9 avec les mesures de confidentialit\u00e9 ad\u00e9quates. Par exemple, nous pouvons divulguer vos renseignements personnels \u00e0 des fournisseurs de services en lien avec certains services effectu\u00e9s pour inovia, comme la maintenance et l\u2019exploitation de notre site\u00a0Web et notre base de donn\u00e9es, ou pour d\u2019autres raisons associ\u00e9es \u00e0 l\u2019exploitation de notre entreprise.<\/li>\n\n\n\n<li><strong>Publicit\u00e9 et analyses (limit\u00e9 aux renseignements non-identifiables).\u00a0<\/strong>Nous pouvons partager des renseignements non-identifiables avec des tiers, comme des \u00e9diteurs, des annonceurs, \u00e0 des fins de mesures analytiques, des applications ou d\u2019autres entreprises, mais nous ne partageons en aucun cas des renseignements permettant de vous identifier (comme vos noms ou courriels) avec ces partenaires.<\/li>\n\n\n\n<li><strong>\u00c0 des fins juridiques et autres.\u00a0<\/strong>Il peut arriver que nous recevions une demande de divulgation de vos renseignements personnels en r\u00e9ponse \u00e0 des demandes l\u00e9gitimes d\u2019autorit\u00e9s publiques. Nous pouvons divulguer vos renseignements personnels\u00a0: (i) \u00e0 toute autorit\u00e9 gouvernementale dans le cadre d\u2019une enqu\u00eate visant \u00e0 d\u00e9terminer notre conformit\u00e9 aux lois, r\u00e8gles et r\u00e8glements en vigueur; (ii) en r\u00e9ponse \u00e0 une ordonnance, une citation \u00e0 compara\u00eetre, une demande d\u2019enqu\u00eate ou toute autre proc\u00e9dure judiciaire ou administrative; (iii) pour prot\u00e9ger les droits, la propri\u00e9t\u00e9 ou la s\u00fbret\u00e9 personnelle d\u2019<strong>inovia<\/strong>, de ses utilisateurs ou du public; ou (iv) conform\u00e9ment \u00e0 toute autre exigence l\u00e9gale.<\/li>\n<\/ul>\n<\/li>\n<\/ul>\n\n\n\n<h3 class=\"wp-block-heading\"><strong>S\u00e9curit\u00e9 des renseignements et r\u00e9tention des donn\u00e9es<\/strong><\/h3>\n\n\n\n<p><strong>inovia<\/strong>&nbsp;utilise des dispositifs de protection techniques, administratifs et physiques contre l\u2019acc\u00e8s non autoris\u00e9, l\u2019utilisation ou la divulgation des renseignements que nous recueillons ou stockons. Nous conservons les renseignements personnels que vous nous fournissez aussi longtemps que nous le jugeons n\u00e9cessaire aux fins pour lesquelles ils ont \u00e9t\u00e9 recueillis, ou aussi longtemps qu\u2019il le faut afin de nous acquitter de nos obligations l\u00e9gales.&nbsp;&nbsp;&nbsp;<\/p>\n\n\n\n<h3 class=\"wp-block-heading\"><strong>Traitement et transfert des donn\u00e9es<\/strong><\/h3>\n\n\n\n<p>Lorsque vous utilisez ou interagissez avec notre site&nbsp;Web, vous consentez au traitement, au partage, au transfert et \u00e0 l\u2019utilisation de vos renseignements tels que d\u00e9crits dans la pr\u00e9sente politique de confidentialit\u00e9. Sans \u00e9gard au pays o\u00f9 vous r\u00e9sidez, vous nous autorisez \u00e0 transf\u00e9rer, \u00e0 traiter, \u00e0 stocker et \u00e0 utiliser vos renseignements dans des pays autres que le v\u00f4tre conform\u00e9ment \u00e0 la pr\u00e9sente politique de confidentialit\u00e9. Certains de ces pays peuvent ne pas avoir en place les m\u00eames dispositifs de protection des donn\u00e9es que le pays o\u00f9 vous r\u00e9sidez.<\/p>\n\n\n\n<h3 class=\"wp-block-heading\"><strong>Modifications<\/strong><\/h3>\n\n\n\n<p>Nous pouvons mettre \u00e0 jour \u00e0 tout moment notre politique de confidentialit\u00e9 afin de refl\u00e9ter les modifications apport\u00e9es \u00e0 nos politiques et pratiques de traitement des renseignements personnels ou aux lois en vigueur. Les modifications seront affich\u00e9es sur ce site&nbsp;Web.<\/p>\n\n\n\n<h3 class=\"wp-block-heading\"><strong>Acc\u00e8s \u00e0 vos renseignements, modification ou suppression<\/strong><\/h3>\n\n\n\n<p>Tel qu\u2019indiqu\u00e9 ci-dessous, vous pouvez communiquer avec nous en tout temps pour acc\u00e9der \u00e0 vos renseignements personnels que nous poss\u00e9dons ou contr\u00f4lons, les mettre \u00e0 jour, les corriger ou les supprimer.<\/p>\n\n\n\n<h3 class=\"wp-block-heading\"><strong>Questions et suggestions<\/strong><\/h3>\n\n\n\n<p>Si vous avez des questions, veuillez communiquer avec nous \u00e0 l\u2019adresse suivante&nbsp;:<\/p>\n\n\n\n<p>a\/s Chef de la protection des renseignements personnels\u00a0<strong>inovia capital\u00a0<\/strong>900 Blvd de Maisonneuve Ouest, Suite 2600 Montr\u00e9al Qu\u00e9bec H3A 0A8<\/p>\n","protected":false},"excerpt":{"rendered":"<p>inovia capital inc. (\u00ab&nbsp;inovia&nbsp;\u00bb, \u00ab&nbsp;nous&nbsp;\u00bb) s\u2019engage \u00e0 accorder la priorit\u00e9 aux utilisateurs. Nous nous effor\u00e7ons de faire preuve de transparence quant \u00e0 la fa\u00e7on dont nous recueillons et utilisons vos renseignements. Cette politique de confidentialit\u00e9 vise \u00e0 vous aider \u00e0 comprendre les renseignements que nous recueillons, les raisons pour lesquelles nous le faisons, ce que&hellip;<\/p>\n","protected":false},"author":1,"featured_media":0,"parent":0,"menu_order":0,"comment_status":"closed","ping_status":"open","template":"","meta":{"_acf_changed":false,"_relevanssi_hide_post":"","_relevanssi_hide_content":"","_relevanssi_pin_for_all":"","_relevanssi_pin_keywords":"","_relevanssi_unpin_keywords":"","_relevanssi_related_keywords":"","_relevanssi_related_include_ids":"","_relevanssi_related_exclude_ids":"","_relevanssi_related_no_append":"","_relevanssi_related_not_related":"","_relevanssi_related_posts":"3582,3500,3460,3501,3464,3478","_relevanssi_noindex_reason":"","inline_featured_image":false,"footnotes":""},"class_list":["post-5967","page","type-page","status-publish","hentry"],"acf":[],"_links":{"self":[{"href":"https:\/\/www.inovia.vc\/fr\/wp-json\/wp\/v2\/pages\/5967","targetHints":{"allow":["GET"]}}],"collection":[{"href":"https:\/\/www.inovia.vc\/fr\/wp-json\/wp\/v2\/pages"}],"about":[{"href":"https:\/\/www.inovia.vc\/fr\/wp-json\/wp\/v2\/types\/page"}],"author":[{"embeddable":true,"href":"https:\/\/www.inovia.vc\/fr\/wp-json\/wp\/v2\/users\/1"}],"replies":[{"embeddable":true,"href":"https:\/\/www.inovia.vc\/fr\/wp-json\/wp\/v2\/comments?post=5967"}],"version-history":[{"count":2,"href":"https:\/\/www.inovia.vc\/fr\/wp-json\/wp\/v2\/pages\/5967\/revisions"}],"predecessor-version":[{"id":16195,"href":"https:\/\/www.inovia.vc\/fr\/wp-json\/wp\/v2\/pages\/5967\/revisions\/16195"}],"wp:attachment":[{"href":"https:\/\/www.inovia.vc\/fr\/wp-json\/wp\/v2\/media?parent=5967"}],"curies":[{"name":"wp","href":"https:\/\/api.w.org\/{rel}","templated":true}]}}