{"id":5437,"date":"2022-06-21T20:47:12","date_gmt":"2022-06-22T00:47:12","guid":{"rendered":"https:\/\/www.inovia.vc\/?page_id=5437"},"modified":"2024-08-13T18:14:23","modified_gmt":"2024-08-13T22:14:23","slug":"esg","status":"publish","type":"page","link":"https:\/\/www.inovia.vc\/fr\/esg\/","title":{"rendered":"ESG"},"content":{"rendered":"\n<div class=\"wp-block-columns is-layout-flex wp-container-core-columns-is-layout-1 wp-block-columns-is-layout-flex\">\n<div class=\"wp-block-column is-layout-flow wp-block-column-is-layout-flow\"><\/div>\n<\/div>\n\n\n\n<div class=\"wp-block-columns is-layout-flex wp-container-core-columns-is-layout-3 wp-block-columns-is-layout-flex\">\n<div class=\"wp-block-column is-layout-flow wp-block-column-is-layout-flow\">\n<div class=\"wp-block-columns is-layout-flex wp-container-core-columns-is-layout-2 wp-block-columns-is-layout-flex\">\n<div class=\"wp-block-column is-layout-flow wp-block-column-is-layout-flow\">\n<p class=\"is-style-p-emphasis\">Notre engagement en mati\u00e8re <mark style=\"background-color:rgba(0, 0, 0, 0)\" class=\"has-inline-color has-primary-color\">ESG<\/mark><\/p>\n<\/div>\n\n\n\n<div class=\"wp-block-column is-layout-flow wp-block-column-is-layout-flow\"><\/div>\n<\/div>\n<\/div>\n<\/div>\n\n\n\n<div class=\"wp-block-columns is-layout-flex wp-container-core-columns-is-layout-4 wp-block-columns-is-layout-flex\">\n<div class=\"wp-block-column is-layout-flow wp-block-column-is-layout-flow\">\n<p><strong>Le capital de risque joue un r\u00f4le important dans l\u2019identification de technologies et d\u2019entreprises qui aident \u00e0 <mark style=\"background-color:rgba(0, 0, 0, 0)\" class=\"has-inline-color has-medium-primary-color\">r\u00e9soudre les d\u00e9fis les plus complexes au monde<\/mark>. Parce qu\u2019elles aident \u00e0 fa\u00e7onner les entreprises depuis leur cr\u00e9ation, les firmes de capital de risque sont dans une position unique pour en <mark style=\"background-color:rgba(0, 0, 0, 0)\" class=\"has-inline-color has-medium-primary-color\">influencer la culture et l\u2019approche ESG<\/mark>, tout en s\u2019assurant que les produits et services d\u00e9velopp\u00e9s profitent \u00e0 la soci\u00e9t\u00e9.<\/strong><\/p>\n\n\n\n<div class=\"wp-block-buttons is-layout-flex wp-block-buttons-is-layout-flex\"><\/div>\n<\/div>\n\n\n\n<div class=\"wp-block-column is-layout-flow wp-block-column-is-layout-flow\">\n<p><strong>Chez Inovia, nous croyons que les consid\u00e9rations ESG doivent aller au-del\u00e0 de la gestion du risque et <mark style=\"background-color:rgba(0, 0, 0, 0)\" class=\"has-inline-color has-medium-primary-color\">faire partie de la valeur ajout\u00e9e que nous apportons aux entreprises<\/mark>. Pour ce faire, des objectifs et des pratiques tangibles qui g\u00e9n\u00e8rent un impact positif et durable doivent \u00eatre institu\u00e9s et enracin\u00e9s \u00e0 tous les niveaux de notre \u00e9cosyst\u00e8me. En bref, il s&rsquo;agit de <mark style=\"background-color:rgba(0, 0, 0, 0)\" class=\"has-inline-color has-medium-primary-color\">montrer la voie<\/mark> au lieu de la suivre. Nous reconnaissons que nous avons encore un long chemin \u00e0 parcourir et nous nous engageons \u00e0 nous am\u00e9liorer et \u00e0 inspirer les autres.<\/strong><\/p>\n<\/div>\n<\/div>\n\n\n\n<div class=\"wp-block-columns is-layout-flex wp-container-core-columns-is-layout-5 wp-block-columns-is-layout-flex\">\n<div class=\"wp-block-column is-layout-flow wp-block-column-is-layout-flow\">\n<div class=\"wp-block-buttons is-layout-flex wp-block-buttons-is-layout-flex\"><\/div>\n\n\n\n<div style=\"height:100px\" aria-hidden=\"true\" class=\"wp-block-spacer\"><\/div>\n<\/div>\n<\/div>\n\n\n<section class=\"text-style-tabs theme-block theme-block--innerblock alignfull\">\n<span class=\"theme-block__label\">Basic block<\/span>\n  \n<\/section>\n\n\n\n<div class=\"wp-block-columns is-layout-flex wp-container-core-columns-is-layout-6 wp-block-columns-is-layout-flex\">\n<div class=\"wp-block-column is-layout-flow wp-block-column-is-layout-flow\">\n<p class=\"is-style-p-emphasis\">Notre engagement envers la<mark style=\"background-color:rgba(0, 0, 0, 0)\" class=\"has-inline-color has-primary-color\"> diversit\u00e9<\/mark><\/p>\n\n\n\n<p><strong>Selon notre exp\u00e9rience, tant \u00e0 l\u2019interne qu&rsquo;au sein des entreprises notre portefeuille, les \u00e9quipes et les points de vue diversifi\u00e9s m\u00e8nent \u00e0 des d\u00e9cisions plus \u00e9clair\u00e9es et g\u00e9n\u00e8rent de meilleurs r\u00e9sultats. De plus, <mark style=\"background-color:rgba(0, 0, 0, 0)\" class=\"has-inline-color has-medium-primary-color\">les entreprises aux cultures inclusives attirent et retiennent des talents sup\u00e9rieurs<\/mark>. Nous sommes bien plac\u00e9s pour fournir un <mark style=\"background-color:rgba(0, 0, 0, 0)\" class=\"has-inline-color has-medium-primary-color\">acc\u00e8s inclusif et \u00e9quitable \u00e0 des opportunit\u00e9s de carri\u00e8re de haute qualit\u00e9<\/mark>. Nous nous engageons \u00e9galement \u00e0 poursuivre l&rsquo;inclusivit\u00e9 et l&rsquo;\u00e9quit\u00e9 \u00e0 travers les principes et partenariats qui renforcent nos organisations et nos communaut\u00e9s.<\/strong><\/p>\n\n\n\n<p><em>\u00ab Inovia nous a soutenues d\u00e8s nos d\u00e9buts jusqu\u2019\u00e0 la vente de notre entreprise, <mark style=\"background-color:rgba(0, 0, 0, 0)\" class=\"has-inline-color has-medium-primary-color\">l&rsquo;une des ventes d&rsquo;entreprises fond\u00e9es par des femmes les plus importantes au Canada<\/mark>. Nos valeurs \u00e9taient align\u00e9es \u00e0 celles d\u2019Inovia, entre autres sur notre volont\u00e9 de b\u00e2tir une entreprise avec des bases solides pour garantir un succ\u00e8s \u00e0 long terme. En tant que femmes entrepreneures, il \u00e9tait \u00e9galement important d\u2019\u00eatre<mark style=\"background-color:rgba(0, 0, 0, 0)\" class=\"has-inline-color has-primary-color\"> align\u00e9s sur la diversit\u00e9<\/mark>. Nous avons vu l\u2019engagement d\u2019Inovia \u00e0 cet \u00e9gard tant au sein de leur firme que dans leur soutien \u00e0 la n\u00f4tre, o\u00f9 nous avions une tr\u00e8s forte repr\u00e9sentation de femmes dans notre conseil d&rsquo;administration, dans l\u2019\u00e9quipe de direction et dans les r\u00f4les techniques. Inovia a \u00e9t\u00e9 un excellent partenaire du d\u00e9but \u00e0 la fin et nous sommes reconnaissants d&rsquo;avoir partag\u00e9 notre parcours avec eux.<em> \u00bb<\/em><br><\/em><strong><em>&#8211; <\/em>Kristine Steuart, co-fondatrice et ancienne PDG, <mark style=\"background-color:rgba(0, 0, 0, 0)\" class=\"has-inline-color has-medium-primary-color\">Allocadia<\/mark> (acquise par BrandMaker)<\/strong><\/p>\n\n\n\n<div style=\"height:100px\" aria-hidden=\"true\" class=\"wp-block-spacer\"><\/div>\n<\/div>\n<\/div>\n\n\n<section class=\"text-style-tabs theme-block theme-block--innerblock alignfull\">\n<span class=\"theme-block__label\">Basic block<\/span>\n  \n<\/section>\n\n\n\n<div class=\"wp-block-columns is-layout-flex wp-container-core-columns-is-layout-7 wp-block-columns-is-layout-flex\">\n<div class=\"wp-block-column is-layout-flow wp-block-column-is-layout-flow\">\n<p class=\"is-style-p-emphasis\">ESG dans notre <mark style=\"background-color:rgba(0, 0, 0, 0)\" class=\"has-inline-color has-primary-color\">portefeuille<\/mark><\/p>\n<\/div>\n\n\n\n<div class=\"wp-block-column is-layout-flow wp-block-column-is-layout-flow\"><\/div>\n<\/div>\n\n\n\n<div class=\"wp-block-columns is-layout-flex wp-container-core-columns-is-layout-9 wp-block-columns-is-layout-flex\">\n<div class=\"wp-block-column is-layout-flow wp-block-column-is-layout-flow\">\n<div class=\"wp-block-columns is-layout-flex wp-container-core-columns-is-layout-8 wp-block-columns-is-layout-flex\">\n<div class=\"wp-block-column is-layout-flow wp-block-column-is-layout-flow\" style=\"flex-basis:33.33%\"><section class=\"rounded-corners-preview theme-block theme-block--innerblock aligndefault text-light\">\n<span class=\"theme-block__label\">Coins arrondis<\/span>\n  \n  <div>\n    <p><strong>Instructions:<\/strong><\/p>\n    <p><em>You can choose the background color in the right side option panel.<br> <u>Note<\/u>: it is recommended to choose the white color for the content when the background is dark.<\/em><\/p>\n    <p><strong>Content:<\/strong><\/p>\n  <\/div>\n  <div class=\"rounded-corners-preview__content text-light\" style=\"background-color:#082E3B\">\n    \n\n<figure class=\"wp-block-image aligncenter size-large\"><img loading=\"lazy\" decoding=\"async\" width=\"1024\" height=\"254\" src=\"https:\/\/www.inovia.vc\/wp-content\/uploads\/2022\/07\/SONDER_LOGO_CREAM-1024x254.png\" alt=\"\" class=\"wp-image-1286\" srcset=\"https:\/\/www.inovia.vc\/wp-content\/uploads\/2022\/07\/SONDER_LOGO_CREAM-1024x254.png 1024w, https:\/\/www.inovia.vc\/wp-content\/uploads\/2022\/07\/SONDER_LOGO_CREAM-300x74.png 300w, https:\/\/www.inovia.vc\/wp-content\/uploads\/2022\/07\/SONDER_LOGO_CREAM-768x190.png 768w, https:\/\/www.inovia.vc\/wp-content\/uploads\/2022\/07\/SONDER_LOGO_CREAM-1536x381.png 1536w, https:\/\/www.inovia.vc\/wp-content\/uploads\/2022\/07\/SONDER_LOGO_CREAM.png 1920w\" sizes=\"auto, (max-width: 1024px) 100vw, 1024px\" \/><\/figure>\n\n\n  <\/div>\n\n<\/section>\n<\/div>\n\n\n\n<div class=\"wp-block-column is-layout-flow wp-block-column-is-layout-flow\" style=\"flex-basis:66.66%\">\n<div style=\"height:20px\" aria-hidden=\"true\" class=\"wp-block-spacer\"><\/div>\n\n\n\n<p>\u00ab En 2020, Sonder a cr\u00e9\u00e9 un <a href=\"https:\/\/www.sonder.com\/fr-ca\/csr\">d\u00e9partement de responsabilit\u00e9 d&rsquo;entreprise et de durabilit\u00e9.<\/a> En tant qu&rsquo;entreprise moderne en pleine expansion, nous comprenons l&rsquo;importance d&rsquo;adopter tr\u00e8s t\u00f4t des pratiques commerciales responsables. Nous reconnaissons \u00e9galement la tendance croissante des entreprises cot\u00e9es en bourse \u00e0 produire des rapports selon les crit\u00e8res environnementaux, sociaux et de gouvernance (ESG). Bien que nous n&rsquo;en soyons qu&rsquo;au tout d\u00e9but de notre parcours, nous avons pris des mesures pour prendre en compte ces aspects cruciaux de notre activit\u00e9 et la fa\u00e7on dont nous les mesurerons et en rendrons compte \u00e0 nos investisseurs dans l&rsquo;avenir. \u00bb<\/p>\n\n\n\n<div class=\"wp-block-buttons is-layout-flex wp-block-buttons-is-layout-flex\"><\/div>\n<\/div>\n<\/div>\n<\/div>\n<\/div>\n\n\n\n<div style=\"height:20px\" aria-hidden=\"true\" class=\"wp-block-spacer\"><\/div>\n\n\n\n<div class=\"wp-block-columns is-layout-flex wp-container-core-columns-is-layout-11 wp-block-columns-is-layout-flex\">\n<div class=\"wp-block-column is-layout-flow wp-block-column-is-layout-flow\">\n<div class=\"wp-block-columns is-layout-flex wp-container-core-columns-is-layout-10 wp-block-columns-is-layout-flex\">\n<div class=\"wp-block-column is-layout-flow wp-block-column-is-layout-flow\" style=\"flex-basis:33.33%\"><section class=\"rounded-corners-preview theme-block theme-block--innerblock aligndefault text-light\">\n<span class=\"theme-block__label\">Coins arrondis<\/span>\n  \n  <div>\n    <p><strong>Instructions:<\/strong><\/p>\n    <p><em>You can choose the background color in the right side option panel.<br> <u>Note<\/u>: it is recommended to choose the white color for the content when the background is dark.<\/em><\/p>\n    <p><strong>Content:<\/strong><\/p>\n  <\/div>\n  <div class=\"rounded-corners-preview__content text-light\" style=\"background-color:#1F7887\">\n    \n\n<figure class=\"wp-block-image aligncenter size-full\"><img loading=\"lazy\" decoding=\"async\" width=\"442\" height=\"118\" src=\"https:\/\/www.inovia.vc\/wp-content\/uploads\/2022\/10\/hopper-logo-white.png\" alt=\"\" class=\"wp-image-5602\" srcset=\"https:\/\/www.inovia.vc\/wp-content\/uploads\/2022\/10\/hopper-logo-white.png 442w, https:\/\/www.inovia.vc\/wp-content\/uploads\/2022\/10\/hopper-logo-white-300x80.png 300w\" sizes=\"auto, (max-width: 442px) 100vw, 442px\" \/><\/figure>\n\n\n  <\/div>\n\n<\/section>\n<\/div>\n\n\n\n<div class=\"wp-block-column is-layout-flow wp-block-column-is-layout-flow\" style=\"flex-basis:66.66%\">\n<div style=\"height:20px\" aria-hidden=\"true\" class=\"wp-block-spacer\"><\/div>\n\n\n\n<p>\u00ab Chez Hopper, notre objectif a toujours \u00e9t\u00e9 de rendre la r\u00e9servation de voyages plus facile et accessible, car nous croyons profond\u00e9ment en l&rsquo;impact social et \u00e9conomique positif que cela a sur la soci\u00e9t\u00e9. Nous sommes conscients que le fait que les voyages font de plus en plus partie de la vie quotidienne \u00e0 l\u2019\u00e9chelle mondiale a un impact sur l\u2019environnement. Dans le cadre de notre engagement \u00e0 lutter contre le changement climatique, <a href=\"https:\/\/www.hopper.com\/trees\">Hopper plante deux arbres<\/a> pour chaque r\u00e9servation via son application mobile pour aider \u00e0 compenser les \u00e9missions de carbone. Nos clients ne doivent pas d\u00e9cider s&rsquo;ils veulent s&rsquo;inscrire \u00e0 cette initiative. Nous estimons que c&rsquo;est important et nous le faisons automatiquement en leur nom, sans frais. Nous nous sommes associ\u00e9s \u00e0 Eden Reforestation pour planter plus de 23 millions d&rsquo;arbres au nom des clients de Hopper jusqu&rsquo;\u00e0 pr\u00e9sent. \u00bb<\/p>\n<\/div>\n<\/div>\n<\/div>\n<\/div>\n\n\n\n<div style=\"height:5px\" aria-hidden=\"true\" class=\"wp-block-spacer\"><\/div>\n\n\n\n<div class=\"wp-block-columns is-layout-flex wp-container-core-columns-is-layout-14 wp-block-columns-is-layout-flex\">\n<div class=\"wp-block-column is-layout-flow wp-block-column-is-layout-flow\">\n<div class=\"wp-block-columns is-layout-flex wp-container-core-columns-is-layout-12 wp-block-columns-is-layout-flex\">\n<div class=\"wp-block-column is-layout-flow wp-block-column-is-layout-flow\" style=\"flex-basis:33.33%\"><section class=\"rounded-corners-preview theme-block theme-block--innerblock aligndefault text-light\">\n<span class=\"theme-block__label\">Coins arrondis<\/span>\n  \n  <div>\n    <p><strong>Instructions:<\/strong><\/p>\n    <p><em>You can choose the background color in the right side option panel.<br> <u>Note<\/u>: it is recommended to choose the white color for the content when the background is dark.<\/em><\/p>\n    <p><strong>Content:<\/strong><\/p>\n  <\/div>\n  <div class=\"rounded-corners-preview__content text-light\" style=\"background-color:#8c8778\">\n    \n\n<figure class=\"wp-block-image size-full\"><img loading=\"lazy\" decoding=\"async\" width=\"500\" height=\"264\" src=\"https:\/\/www.inovia.vc\/wp-content\/uploads\/2022\/07\/BoardProspects_Logo-White.png\" alt=\"\" class=\"wp-image-9543\" srcset=\"https:\/\/www.inovia.vc\/wp-content\/uploads\/2022\/07\/BoardProspects_Logo-White.png 500w, https:\/\/www.inovia.vc\/wp-content\/uploads\/2022\/07\/BoardProspects_Logo-White-300x158.png 300w\" sizes=\"auto, (max-width: 500px) 100vw, 500px\" \/><\/figure>\n\n\n  <\/div>\n\n<\/section>\n<\/div>\n\n\n\n<div class=\"wp-block-column is-layout-flow wp-block-column-is-layout-flow\" style=\"flex-basis:66.66%\">\n<div style=\"height:20px\" aria-hidden=\"true\" class=\"wp-block-spacer\"><\/div>\n\n\n\n<p>theBoardlist par BoardProspects met en relation des membres de la diversit\u00e9 au talent exceptionnel avec des opportunit\u00e9s de conseil d&rsquo;administration et de direction \u00e0 l&rsquo;\u00e9chelle mondiale. Inovia a un engagement profond envers la diversit\u00e9 et l&rsquo;inclusion. Lisez la <a href=\"https:\/\/www.inovia.vc\/fr\/conversations-inovia\/theboardlist-est-important-pour-nous-et-pour-vous-a5d5a315d3db\/\">lettre ouverte<\/a> de Shawn \u00e0 notre communaut\u00e9 concernant notre investissement dans theBoardlist.<\/p>\n<\/div>\n<\/div>\n\n\n\n<div style=\"height:20px\" aria-hidden=\"true\" class=\"wp-block-spacer\"><\/div>\n\n\n\n<div class=\"wp-block-columns is-layout-flex wp-container-core-columns-is-layout-13 wp-block-columns-is-layout-flex\">\n<div class=\"wp-block-column is-layout-flow wp-block-column-is-layout-flow\" style=\"flex-basis:33.33%\"><section class=\"rounded-corners-preview theme-block theme-block--innerblock aligndefault text-dark\">\n<span class=\"theme-block__label\">Coins arrondis<\/span>\n  \n  <div>\n    <p><strong>Instructions:<\/strong><\/p>\n    <p><em>You can choose the background color in the right side option panel.<br> <u>Note<\/u>: it is recommended to choose the white color for the content when the background is dark.<\/em><\/p>\n    <p><strong>Content:<\/strong><\/p>\n  <\/div>\n  <div class=\"rounded-corners-preview__content text-dark\" style=\"background-color:#DEE0FF\">\n    \n\n<figure class=\"wp-block-image size-full\"><img loading=\"lazy\" decoding=\"async\" width=\"462\" height=\"123\" src=\"https:\/\/www.inovia.vc\/wp-content\/uploads\/2022\/10\/Benchsci-Logo.png\" alt=\"\" class=\"wp-image-5609\" srcset=\"https:\/\/www.inovia.vc\/wp-content\/uploads\/2022\/10\/Benchsci-Logo.png 462w, https:\/\/www.inovia.vc\/wp-content\/uploads\/2022\/10\/Benchsci-Logo-300x80.png 300w\" sizes=\"auto, (max-width: 462px) 100vw, 462px\" \/><\/figure>\n\n\n  <\/div>\n\n<\/section>\n<\/div>\n\n\n\n<div class=\"wp-block-column is-layout-flow wp-block-column-is-layout-flow\" style=\"flex-basis:66.66%\">\n<div style=\"height:20px\" aria-hidden=\"true\" class=\"wp-block-spacer\"><\/div>\n\n\n\n<p>\u00ab En tant qu&rsquo;entreprise qui valorise l&rsquo;am\u00e9lioration continue, BenchSci consid\u00e8re le travail et l&rsquo;engagement envers la <a href=\"https:\/\/www.benchsci.com\/diversity-equity-inclusion\">diversit\u00e9 et l&rsquo;inclusion<\/a> comme une responsabilit\u00e9 collective. Non seulement c&rsquo;est la bonne chose \u00e0 faire pour notre entreprise, c&rsquo;est la bonne chose \u00e0 faire, point final. \u00bb<\/p>\n\n\n\n<p>Liran Belenzon, PDG, BenchSci<\/p>\n\n\n\n<div class=\"wp-block-buttons is-layout-flex wp-block-buttons-is-layout-flex\">\n<div class=\"wp-block-button\"><a class=\"wp-block-button__link has-accent-purple-color has-dark-primary-background-color has-text-color has-background has-link-color wp-element-button\" href=\"https:\/\/cdn.phenompeople.com\/CareerConnectResources\/BEXBENCA\/documents\/Impact_Report_YE-2023_BenchSci-1714071407534.pdf\">Rapport d&rsquo;impact 2023 de BenchSci<\/a><\/div>\n<\/div>\n<\/div>\n<\/div>\n<\/div>\n<\/div>\n\n\n\n<div class=\"wp-block-columns is-layout-flex wp-container-core-columns-is-layout-15 wp-block-columns-is-layout-flex\">\n<div class=\"wp-block-column is-layout-flow wp-block-column-is-layout-flow\"><\/div>\n\n\n\n<div class=\"wp-block-column is-layout-flow wp-block-column-is-layout-flow\"><\/div>\n\n\n\n<div class=\"wp-block-column is-layout-flow wp-block-column-is-layout-flow\"><\/div>\n<\/div>\n\n\n\n<div class=\"wp-block-columns is-layout-flex wp-container-core-columns-is-layout-16 wp-block-columns-is-layout-flex\">\n<div class=\"wp-block-column is-layout-flow wp-block-column-is-layout-flow\"><\/div>\n<\/div>\n","protected":false},"excerpt":{"rendered":"<p>Notre engagement en mati\u00e8re ESG Le capital de risque joue un r\u00f4le important dans l\u2019identification de technologies et d\u2019entreprises qui aident \u00e0 r\u00e9soudre les d\u00e9fis les plus complexes au monde. Parce qu\u2019elles aident \u00e0 fa\u00e7onner les entreprises depuis leur cr\u00e9ation, les firmes de capital de risque sont dans une position unique pour en influencer la&hellip;<\/p>\n","protected":false},"author":1,"featured_media":0,"parent":0,"menu_order":0,"comment_status":"closed","ping_status":"closed","template":"","meta":{"_acf_changed":false,"_relevanssi_hide_post":"","_relevanssi_hide_content":"","_relevanssi_pin_for_all":"","_relevanssi_pin_keywords":"","_relevanssi_unpin_keywords":"","_relevanssi_related_keywords":"","_relevanssi_related_include_ids":"","_relevanssi_related_exclude_ids":"","_relevanssi_related_no_append":"","_relevanssi_related_not_related":"","_relevanssi_related_posts":"3591,3571,3578,3600,3482,3584","_relevanssi_noindex_reason":"","inline_featured_image":false,"footnotes":""},"class_list":["post-5437","page","type-page","status-publish","hentry"],"acf":[],"_links":{"self":[{"href":"https:\/\/www.inovia.vc\/fr\/wp-json\/wp\/v2\/pages\/5437","targetHints":{"allow":["GET"]}}],"collection":[{"href":"https:\/\/www.inovia.vc\/fr\/wp-json\/wp\/v2\/pages"}],"about":[{"href":"https:\/\/www.inovia.vc\/fr\/wp-json\/wp\/v2\/types\/page"}],"author":[{"embeddable":true,"href":"https:\/\/www.inovia.vc\/fr\/wp-json\/wp\/v2\/users\/1"}],"replies":[{"embeddable":true,"href":"https:\/\/www.inovia.vc\/fr\/wp-json\/wp\/v2\/comments?post=5437"}],"version-history":[{"count":7,"href":"https:\/\/www.inovia.vc\/fr\/wp-json\/wp\/v2\/pages\/5437\/revisions"}],"predecessor-version":[{"id":12825,"href":"https:\/\/www.inovia.vc\/fr\/wp-json\/wp\/v2\/pages\/5437\/revisions\/12825"}],"wp:attachment":[{"href":"https:\/\/www.inovia.vc\/fr\/wp-json\/wp\/v2\/media?parent=5437"}],"curies":[{"name":"wp","href":"https:\/\/api.w.org\/{rel}","templated":true}]}}