{"id":5434,"date":"2022-05-27T09:25:46","date_gmt":"2022-05-27T13:25:46","guid":{"rendered":"https:\/\/www.inovia.vc\/?page_id=5434"},"modified":"2026-04-26T12:06:12","modified_gmt":"2026-04-26T16:06:12","slug":"equipe","status":"publish","type":"page","link":"https:\/\/www.inovia.vc\/fr\/equipe\/","title":{"rendered":"\u00c9quipe"},"content":{"rendered":"\n<div class=\"wp-block-columns alignwide is-layout-flex wp-container-core-columns-is-layout-1 wp-block-columns-is-layout-flex\">\n<div class=\"wp-block-column is-layout-flow wp-block-column-is-layout-flow\">\n<p class=\"is-style-p-emphasis\"><mark style=\"background-color:rgba(0, 0, 0, 0)\" class=\"has-inline-color has-primary-color\">Connect\u00e9e, empathique et ambitieuse<\/mark>, notre \u00e9quipe est compos\u00e9e d&rsquo;investisseurs chevronn\u00e9s, d&rsquo;op\u00e9rateurs de premier plan et d\u2019individus exp\u00e9riment\u00e9s dans les op\u00e9rations.<\/p>\n\n\n\n<p class=\"is-style-p-emphasis\">Dirig\u00e9s par une \u00e9quipe compl\u00e9mentaire, nous sommes <mark style=\"background-color:rgba(0, 0, 0, 0)\" class=\"has-inline-color has-primary-color\">engag\u00e9s \u00e0 soutenir les entrepreneurs et la croissance de l&rsquo;\u00e9cosyst\u00e8me<\/mark>.<\/p>\n<\/div>\n<\/div>\n\n\n\n<div style=\"height:33px\" aria-hidden=\"true\" class=\"wp-block-spacer\"><\/div>\n","protected":false},"excerpt":{"rendered":"<p>Connect\u00e9e, empathique et ambitieuse, notre \u00e9quipe est compos\u00e9e d&rsquo;investisseurs chevronn\u00e9s, d&rsquo;op\u00e9rateurs de premier plan et d\u2019individus exp\u00e9riment\u00e9s dans les op\u00e9rations. Dirig\u00e9s par une \u00e9quipe compl\u00e9mentaire, nous sommes engag\u00e9s \u00e0 soutenir les entrepreneurs et la croissance de l&rsquo;\u00e9cosyst\u00e8me.<\/p>\n","protected":false},"author":1,"featured_media":0,"parent":0,"menu_order":0,"comment_status":"closed","ping_status":"closed","template":"template-member.php","meta":{"_acf_changed":false,"_relevanssi_hide_post":"","_relevanssi_hide_content":"","_relevanssi_pin_for_all":"","_relevanssi_pin_keywords":"","_relevanssi_unpin_keywords":"","_relevanssi_related_keywords":"","_relevanssi_related_include_ids":"","_relevanssi_related_exclude_ids":"","_relevanssi_related_no_append":"","_relevanssi_related_not_related":"","_relevanssi_related_posts":"3493,3480,3568,3470,3490,3583","_relevanssi_noindex_reason":"","inline_featured_image":false,"footnotes":""},"class_list":["post-5434","page","type-page","status-publish","hentry"],"acf":[],"_links":{"self":[{"href":"https:\/\/www.inovia.vc\/fr\/wp-json\/wp\/v2\/pages\/5434","targetHints":{"allow":["GET"]}}],"collection":[{"href":"https:\/\/www.inovia.vc\/fr\/wp-json\/wp\/v2\/pages"}],"about":[{"href":"https:\/\/www.inovia.vc\/fr\/wp-json\/wp\/v2\/types\/page"}],"author":[{"embeddable":true,"href":"https:\/\/www.inovia.vc\/fr\/wp-json\/wp\/v2\/users\/1"}],"replies":[{"embeddable":true,"href":"https:\/\/www.inovia.vc\/fr\/wp-json\/wp\/v2\/comments?post=5434"}],"version-history":[{"count":2,"href":"https:\/\/www.inovia.vc\/fr\/wp-json\/wp\/v2\/pages\/5434\/revisions"}],"predecessor-version":[{"id":6325,"href":"https:\/\/www.inovia.vc\/fr\/wp-json\/wp\/v2\/pages\/5434\/revisions\/6325"}],"wp:attachment":[{"href":"https:\/\/www.inovia.vc\/fr\/wp-json\/wp\/v2\/media?parent=5434"}],"curies":[{"name":"wp","href":"https:\/\/api.w.org\/{rel}","templated":true}]}}