{"id":5427,"date":"2022-05-02T10:44:28","date_gmt":"2022-05-02T14:44:28","guid":{"rendered":"https:\/\/www.inovia.vc\/?page_id=5427"},"modified":"2025-11-27T17:11:46","modified_gmt":"2025-11-27T22:11:46","slug":"entreprises-actives","status":"publish","type":"page","link":"https:\/\/www.inovia.vc\/fr\/entreprises-actives\/","title":{"rendered":"Entreprises actives"},"content":{"rendered":"\n<div class=\"wp-block-columns is-layout-flex wp-container-core-columns-is-layout-1 wp-block-columns-is-layout-flex\">\n<div class=\"wp-block-column is-layout-flow wp-block-column-is-layout-flow\">\n<p class=\"is-style-p-emphasis\">Nous investissons principalement dans les <mark style=\"background-color:rgba(0, 0, 0, 0)\" class=\"has-inline-color has-primary-color\">entreprises de logiciels<\/mark> et les <mark style=\"background-color:rgba(0, 0, 0, 0)\" class=\"has-inline-color has-primary-color\">solutions propuls\u00e9es par l\u2019IA<\/mark> qui g\u00e9n\u00e8rent un impact positif \u00e0 l\u2019\u00e9chelle mondiale.<\/p>\n\n\n\n<p class=\"is-style-p-emphasis\">Notre portefeuille transforme des secteurs comme <mark style=\"background-color:rgba(0, 0, 0, 0)\" class=\"has-inline-color has-primary-color\">la cybers\u00e9curit\u00e9<\/mark>, <mark style=\"background-color:rgba(0, 0, 0, 0)\" class=\"has-inline-color has-primary-color\">la sant\u00e9<\/mark>, <mark style=\"background-color:rgba(0, 0, 0, 0)\" class=\"has-inline-color has-primary-color\">la fintech<\/mark>, <mark style=\"background-color:rgba(0, 0, 0, 0)\" class=\"has-inline-color has-primary-color\">le futur du travail<\/mark>, <mark style=\"background-color:rgba(0, 0, 0, 0)\" class=\"has-inline-color has-primary-color\">l\u2019infrastructure et les outils pour d\u00e9veloppeurs<\/mark>, ainsi que <mark style=\"background-color:rgba(0, 0, 0, 0)\" class=\"has-inline-color has-primary-color\">le voyage et l\u2019hospitalit\u00e9<\/mark> gr\u00e2ce \u00e0 la puissance de l\u2019IA et de technologies transformatrices.<\/p>\n<\/div>\n<\/div>\n\n\n\n<p><\/p>\n","protected":false},"excerpt":{"rendered":"<p>Nous investissons principalement dans les entreprises de logiciels et les solutions propuls\u00e9es par l\u2019IA qui g\u00e9n\u00e8rent un impact positif \u00e0 l\u2019\u00e9chelle mondiale. Notre portefeuille transforme des secteurs comme la cybers\u00e9curit\u00e9, la sant\u00e9, la fintech, le futur du travail, l\u2019infrastructure et les outils pour d\u00e9veloppeurs, ainsi que le voyage et l\u2019hospitalit\u00e9 gr\u00e2ce \u00e0 la puissance de&hellip;<\/p>\n","protected":false},"author":1,"featured_media":0,"parent":0,"menu_order":0,"comment_status":"closed","ping_status":"closed","template":"template-company.php","meta":{"_acf_changed":false,"_relevanssi_hide_post":"","_relevanssi_hide_content":"","_relevanssi_pin_for_all":"","_relevanssi_pin_keywords":"","_relevanssi_unpin_keywords":"","_relevanssi_related_keywords":"","_relevanssi_related_include_ids":"","_relevanssi_related_exclude_ids":"","_relevanssi_related_no_append":"","_relevanssi_related_not_related":"","_relevanssi_related_posts":"3551,3467,3568,3591,3472,3593","_relevanssi_noindex_reason":"","inline_featured_image":false,"footnotes":""},"class_list":["post-5427","page","type-page","status-publish","hentry"],"acf":[],"_links":{"self":[{"href":"https:\/\/www.inovia.vc\/fr\/wp-json\/wp\/v2\/pages\/5427","targetHints":{"allow":["GET"]}}],"collection":[{"href":"https:\/\/www.inovia.vc\/fr\/wp-json\/wp\/v2\/pages"}],"about":[{"href":"https:\/\/www.inovia.vc\/fr\/wp-json\/wp\/v2\/types\/page"}],"author":[{"embeddable":true,"href":"https:\/\/www.inovia.vc\/fr\/wp-json\/wp\/v2\/users\/1"}],"replies":[{"embeddable":true,"href":"https:\/\/www.inovia.vc\/fr\/wp-json\/wp\/v2\/comments?post=5427"}],"version-history":[{"count":8,"href":"https:\/\/www.inovia.vc\/fr\/wp-json\/wp\/v2\/pages\/5427\/revisions"}],"predecessor-version":[{"id":15819,"href":"https:\/\/www.inovia.vc\/fr\/wp-json\/wp\/v2\/pages\/5427\/revisions\/15819"}],"wp:attachment":[{"href":"https:\/\/www.inovia.vc\/fr\/wp-json\/wp\/v2\/media?parent=5427"}],"curies":[{"name":"wp","href":"https:\/\/api.w.org\/{rel}","templated":true}]}}