{"id":5418,"date":"2022-04-27T13:42:47","date_gmt":"2022-04-27T17:42:47","guid":{"rendered":"https:\/\/www.inovia.vc\/?page_id=5418"},"modified":"2026-04-15T15:02:16","modified_gmt":"2026-04-15T19:02:16","slug":"accueil","status":"publish","type":"page","link":"https:\/\/www.inovia.vc\/fr\/","title":{"rendered":"Accueil"},"content":{"rendered":"\n<section class=\"banner theme-block alignfull\">\n  <div class=\"banner__content\">\n    <!-- -------------- BANNER CONTENT LEFT -------------->\n    <div class=\"banner__content__left\">\n              <h1 class=\"banner__title\">\n          Rapport          <div class=\"banner__title__bottom\">\n                        <img decoding=\"async\" src=\"https:\/\/www.inovia.vc\/wp-content\/uploads\/2024\/01\/Icons-05.png\" alt=\"Title icon\">\n                                      2025                      <\/div>\n        <\/h1>\n      \n              <div class=\"banner__text\">\n          <p dir=\"ltr\"><b>Le rapport sur l\u2019\u00e9tat du logiciel canadien 2025 est pr\u00eat ! <\/b>Au cours des trois derni\u00e8res ann\u00e9es, l\u2019\u00e9cosyst\u00e8me technologique canadien a progress\u00e9 avec constance et r\u00e9silience. D\u00e9couvrez les principales tendances qui alimentent cet \u00e9lan.<\/p>\n        <\/div>\n      \n              <a class=\"banner__btn btn--white\" href=\"https:\/\/www.inovia.vc\/2025-software-report\"           target=\"_blank\" rel=\"noopener noreferrer\"\n                  >\n          T\u00e9l\u00e9chargez le rapport        <\/a>\n          <\/div>\n    <!-- -------------- END BANNER CONTENT LEFT -------------->\n    <!-- -------------- BANNER CONTENT RIGHT -------------->\n    <div class=\"banner__content__right\">\n      \n        \n                  <div class=\"banner__content__right__image__wrapper\">\n                        <img decoding=\"async\" class=\"banner__content__right__image\" src=\"https:\/\/www.inovia.vc\/wp-content\/uploads\/2026\/02\/2025-Home-Page-FR-05.png\" alt=\"\">\n                      <\/div>\n        \n\n      \n    <\/div>\n    <!-- -------------- END BANNER CONTENT RIGHT -------------->\n  <\/div>\n<\/section>\n\n\n\n<section class=\"counter-block theme-block alignfull\">\n  <div class=\"counter-block__content\">\n    <!-- -------------- COUNTER BLOCK CONTENT LEFT -------------->\n    <div class=\"counter-block__content__left\">\n              <h2 class=\"counter-block__title\">\n          Inovia en coup d&rsquo;oeil        <\/h2>\n      \n              <div class=\"counter-block__text\">\n          <p>Inovia Capital est un chef de file du capital de risque <em>full-stack<\/em>, ancr\u00e9 au Canada, avec une pr\u00e9sence bien \u00e9tablie en Europe. Nous nous associons aux entrepreneurs pour b\u00e2tir des entreprises mondiales durables et \u00e0 fort impact.<\/p>\n<p>Avec des investissements allant du pr\u00e9amor\u00e7age jusqu\u2019au pr\u00e9-IPO, et une \u00e9quipe chevronn\u00e9e d\u2019investisseurs, d\u2019op\u00e9rateurs et de conseillers, nous soutenons les fondateurs \u00e0 chaque \u00e9tape avec du capital, des conseils strat\u00e9giques et du mentorat. Depuis les d\u00e9buts d\u2019internet et de l\u2019\u00e8re mobile dans les ann\u00e9es 1990, nous sommes \u00e0 l\u2019avant-garde des grandes \u00e9volutions technologiques \u2014 et nous poursuivons aujourd\u2019hui cette mission en appuyant les innovateurs qui fa\u00e7onnent les technologies \u00e9mergentes, notamment l\u2019<a href=\"https:\/\/www.inovia.vc\/fr\/ia-generative\/\">IA g\u00e9n\u00e9rative<\/a>.<\/p>\n        <\/div>\n      \n    <div class=\"counter-block__btns\">\n              <a class=\"block__btn btn\" href=\"https:\/\/www.inovia.vc\/fr\/entreprises-actives\/\"         >\n          Voir notre portefeuille        <\/a>\n      \n              <a class=\"block__btn btn--outline\" href=\"https:\/\/www.inovia.vc\/fr\/a-propos-dinovia\/\"         >\n          \u00c0 propos        <\/a>\n          <\/div>\n\n\n    <\/div>\n    <!-- -------------- END COUNTER BLOCK CONTENT LEFT -------------->\n    <!-- -------------- COUNTER BLOCK CONTENT RIGHT -------------->\n    <div class=\"counter-block__content__right\">\n              <div class=\"counter-block__numbers\">\n                  <div class=\"counter-block__number-item\">\n            <p class=\"number\">\n              <span><\/span>\n              <span class=\"number-counter\">3<\/span>\n              <span><\/span>\n            <\/p>\n            <p class=\"info-number\">Strat\u00e9gies d&rsquo;investissement : D\u00e9couverte, D\u00e9marrage &amp; Croissance<\/p>\n          <\/div>\n                  <div class=\"counter-block__number-item\">\n            <p class=\"number\">\n              <span><\/span>\n              <span class=\"number-counter\">2.5<\/span>\n              <span>G$US<\/span>\n            <\/p>\n            <p class=\"info-number\">Actifs sous gestion<\/p>\n          <\/div>\n                  <div class=\"counter-block__number-item\">\n            <p class=\"number\">\n              <span><\/span>\n              <span class=\"number-counter\">73<\/span>\n              <span><\/span>\n            <\/p>\n            <p class=\"info-number\">Entreprises en portefeuille<\/p>\n          <\/div>\n                  <div class=\"counter-block__number-item\">\n            <p class=\"number\">\n              <span><\/span>\n              <span class=\"number-counter\">66<\/span>\n              <span><\/span>\n            <\/p>\n            <p class=\"info-number\">Entreprises ant\u00e9rieures\/vendues<\/p>\n          <\/div>\n                  <div class=\"counter-block__number-item\">\n            <p class=\"number\">\n              <span>&gt;<\/span>\n              <span class=\"number-counter\">13<\/span>\n              <span>k<\/span>\n            <\/p>\n            <p class=\"info-number\">Employ\u00e9s \u00e0 travers notre portefeuille<\/p>\n          <\/div>\n                <\/div>\n          <\/div>\n    <!-- -------------- END COUNTER BLOCK CONTENT RIGHT -------------->\n  <\/div>\n<\/section>\n\n\n\n<section class=\"companies-logos theme-block alignfull\">\n  <div class=\"companies-logos__content\">\n              <div class=\"companies_logos__list\">\n        <div class=\"swiper-wrapper\">\n        \n          <a href=\"https:\/\/www.inovia.vc\/fr\/entreprises-actives\/appdirect\/\" class=\"companie_logo__item swiper-slide\">\n                      <img decoding=\"async\" src=\"https:\/\/www.inovia.vc\/wp-content\/uploads\/2022\/05\/AppDirect.png\" alt=\"logo appdirect\">\n                    <\/a>\n        \n          <a href=\"https:\/\/www.inovia.vc\/fr\/entreprises-actives\/cohere\/\" class=\"companie_logo__item swiper-slide\">\n                      <img decoding=\"async\" src=\"https:\/\/www.inovia.vc\/wp-content\/uploads\/2023\/06\/Cohere-500x264-W.png\" alt=\"logo cohere\">\n                    <\/a>\n        \n          <a href=\"https:\/\/www.inovia.vc\/fr\/entreprises-actives\/hopper\/\" class=\"companie_logo__item swiper-slide\">\n                      <img decoding=\"async\" src=\"https:\/\/www.inovia.vc\/wp-content\/uploads\/2022\/07\/Hopper-Logo-White-1.png\" alt=\"logo hopper\">\n                    <\/a>\n        \n          <a href=\"https:\/\/www.inovia.vc\/fr\/entreprises-actives\/wealthsimple\/\" class=\"companie_logo__item swiper-slide\">\n                      <img decoding=\"async\" src=\"https:\/\/www.inovia.vc\/wp-content\/uploads\/2022\/07\/Wealthsimple-Logo-White.png\" alt=\"logo wealthsimple\">\n                    <\/a>\n                <\/div>\n      <\/div>\n      <\/div>\n<\/section>\n\n\n\n<section class=\"latest-posts theme-block alignfull\">\n  <div class=\"latest-posts__content\">\n    <div class=\"latest-posts__header\">\n              <h2 class=\"latest-posts__title\">\n          Conversations avec Inovia        <\/h2>\n            \n      <div class=\"latest-posts__text\">\n                  <p>Lisez les r\u00e9flexions de notre \u00e9quipe au sujet de b\u00e2tir des entreprises technologiques mondiales et durables.<\/p>\n                        <a class=\"banner__btn btn\" href=\"https:\/\/www.inovia.vc\/fr\/conversations-inovia\/\"         >\n          Voir toutes les publications        <\/a>\n            <\/div>\n    <\/div>\n    \n          <div class=\"latest_posts__list\">\n                  <a href=\"https:\/\/www.inovia.vc\/fr\/conversations-inovia\/inovia-q1-1-sortie-1-nouvel-investissement-un-partenariat-avec-mila-pour-lancer-un-fonds-et-la-3e-edition-de-notre-rapport\/\" class=\"latest-posts__item\" style=\"background-color: #1F7887;\">\n                          <div class=\"latest-posts__item__categories\">\n                                                    <span class=\"latest-post__item__category\">Infolettre<\/span>\n                              <\/div>\n                        <img loading=\"lazy\" decoding=\"async\" width=\"1024\" height=\"579\" src=\"https:\/\/www.inovia.vc\/wp-content\/uploads\/2026\/01\/260121-VSF-1024x579-FR-03.png\" class=\"attachment-full size-full wp-post-image\" alt=\"\" \/>            <span class=\"latest-post__item__title\">Inovia Q1: 1 sortie, 1 nouvel investissement, un partenariat avec Mila pour lancer un fonds, et la 3e \u00e9dition de notre rapport !<\/span>\n          <\/a>\n                  <a href=\"https:\/\/www.inovia.vc\/fr\/conversations-inovia\/soutenir-modem-le-premier-gestionnaire-de-produit-pm-agentique\/\" class=\"latest-posts__item\" style=\"background-color: #1F7887;\">\n                          <div class=\"latest-posts__item__categories\">\n                                                    <span class=\"latest-post__item__category\">Investment<\/span>\n                                                    <span class=\"latest-post__item__category\">Portfolio<\/span>\n                              <\/div>\n                        <img loading=\"lazy\" decoding=\"async\" width=\"1024\" height=\"579\" src=\"https:\/\/www.inovia.vc\/wp-content\/uploads\/2026\/02\/Modem-1024x579-1.png\" class=\"attachment-full size-full wp-post-image\" alt=\"\" \/>            <span class=\"latest-post__item__title\">Soutenir Modem \u2014 Le premier gestionnaire de produit (PM) agentique<\/span>\n          <\/a>\n                  <a href=\"https:\/\/www.inovia.vc\/fr\/conversations-inovia\/inovia-capital-nomme-kory-jeffrey-et-taha-mubashir-comme-associes\/\" class=\"latest-posts__item\" style=\"background-color: #1F7887;\">\n                          <div class=\"latest-posts__item__categories\">\n                                                    <span class=\"latest-post__item__category\">Inovia News<\/span>\n                                                    <span class=\"latest-post__item__category\">Nouvelles Inovia<\/span>\n                              <\/div>\n                        <img loading=\"lazy\" decoding=\"async\" width=\"1024\" height=\"576\" src=\"https:\/\/www.inovia.vc\/wp-content\/uploads\/2025\/12\/Kory-Taha-BLOG-1024x576-1.png\" class=\"attachment-full size-full wp-post-image\" alt=\"\" \/>            <span class=\"latest-post__item__title\">Inovia Capital nomme Kory Jeffrey et Taha Mubashir comme associ\u00e9s<\/span>\n          <\/a>\n                  <a href=\"https:\/\/www.inovia.vc\/fr\/conversations-inovia\/inovia-capital-announces-opening-of-abu-dhabi-office-to-deepen-strategic-partnerships-in-the-uae-and-broader-gcc-region\/\" class=\"latest-posts__item\" style=\"background-color: #082E3B;\">\n                          <div class=\"latest-posts__item__categories\">\n                                                    <span class=\"latest-post__item__category\">Inovia News<\/span>\n                                                    <span class=\"latest-post__item__category\">Nouvelles Inovia<\/span>\n                              <\/div>\n                        <img loading=\"lazy\" decoding=\"async\" width=\"1024\" height=\"576\" src=\"https:\/\/www.inovia.vc\/wp-content\/uploads\/2025\/11\/251121-Abu-Dhabi-08.png\" class=\"attachment-full size-full wp-post-image\" alt=\"\" \/>            <span class=\"latest-post__item__title\">Inovia Capital annonce l\u2019ouverture d\u2019un bureau \u00e0 Abou Dhabi pour renforcer ses partenariats strat\u00e9giques aux \u00c9mirats arabes unis et dans l\u2019ensemble de la r\u00e9gion du Golfe<\/span>\n          <\/a>\n              <\/div>\n      <\/div>\n<\/section>\n","protected":false},"excerpt":{"rendered":"","protected":false},"author":1,"featured_media":0,"parent":0,"menu_order":0,"comment_status":"closed","ping_status":"open","template":"","meta":{"_acf_changed":false,"_relevanssi_hide_post":"","_relevanssi_hide_content":"","_relevanssi_pin_for_all":"","_relevanssi_pin_keywords":"","_relevanssi_unpin_keywords":"","_relevanssi_related_keywords":"","_relevanssi_related_include_ids":"","_relevanssi_related_exclude_ids":"","_relevanssi_related_no_append":"","_relevanssi_related_not_related":"","_relevanssi_related_posts":"3477,3185,3600,3593,3599,3474","_relevanssi_noindex_reason":"","inline_featured_image":false,"footnotes":""},"class_list":["post-5418","page","type-page","status-publish","hentry"],"acf":[],"_links":{"self":[{"href":"https:\/\/www.inovia.vc\/fr\/wp-json\/wp\/v2\/pages\/5418","targetHints":{"allow":["GET"]}}],"collection":[{"href":"https:\/\/www.inovia.vc\/fr\/wp-json\/wp\/v2\/pages"}],"about":[{"href":"https:\/\/www.inovia.vc\/fr\/wp-json\/wp\/v2\/types\/page"}],"author":[{"embeddable":true,"href":"https:\/\/www.inovia.vc\/fr\/wp-json\/wp\/v2\/users\/1"}],"replies":[{"embeddable":true,"href":"https:\/\/www.inovia.vc\/fr\/wp-json\/wp\/v2\/comments?post=5418"}],"version-history":[{"count":8,"href":"https:\/\/www.inovia.vc\/fr\/wp-json\/wp\/v2\/pages\/5418\/revisions"}],"predecessor-version":[{"id":16274,"href":"https:\/\/www.inovia.vc\/fr\/wp-json\/wp\/v2\/pages\/5418\/revisions\/16274"}],"wp:attachment":[{"href":"https:\/\/www.inovia.vc\/fr\/wp-json\/wp\/v2\/media?parent=5418"}],"curies":[{"name":"wp","href":"https:\/\/api.w.org\/{rel}","templated":true}]}}