{"id":3076,"date":"2022-05-26T10:52:59","date_gmt":"2022-05-26T14:52:59","guid":{"rendered":"https:\/\/www.inovia.vc\/conversations-inovia\/"},"modified":"2026-04-07T09:48:58","modified_gmt":"2026-04-07T13:48:58","slug":"conversations-inovia","status":"publish","type":"page","link":"https:\/\/www.inovia.vc\/fr\/conversations-inovia\/","title":{"rendered":"Conversations avec Inovia"},"content":{"rendered":"\n<div class=\"wp-block-columns alignwide is-layout-flex wp-container-core-columns-is-layout-1 wp-block-columns-is-layout-flex\">\n<div class=\"wp-block-column is-layout-flow wp-block-column-is-layout-flow\">\n<p><\/p>\n\n\n\n<p class=\"is-style-p-emphasis\">Lisez les derni\u00e8res <mark style=\"background-color:rgba(0, 0, 0, 0)\" class=\"has-inline-color has-medium-primary-color\">nouvelles,<\/mark> <mark style=\"background-color:rgba(0, 0, 0, 0)\" class=\"has-inline-color has-primary-color\">r\u00e9flexions et id\u00e9es<\/mark> de notre \u00e9quipe sur la cr\u00e9ation d\u2019entreprises technologiques mondiales durables.<\/p>\n\n\n\n<p><\/p>\n<\/div>\n<\/div>\n\n\n\n<section class=\"featured-posts theme-block alignfull\">\n  <div class=\"latest-posts__content\">\n          <div class=\"latest_posts__list\">\n                  <a href=\"https:\/\/www.inovia.vc\/fr\/conversations-inovia\/inovia-q1-1-sortie-1-nouvel-investissement-un-partenariat-avec-mila-pour-lancer-un-fonds-et-la-3e-edition-de-notre-rapport\/\" class=\"latest-posts__item\">\n                          <div class=\"latest-posts__item__categories\">\n                                  <span class=\"latest-post__item__category\">Infolettre<\/span>\n                              <\/div>\n                        <img loading=\"lazy\" decoding=\"async\" width=\"1024\" height=\"579\" src=\"https:\/\/www.inovia.vc\/wp-content\/uploads\/2026\/01\/260121-VSF-1024x579-FR-03.png\" class=\"attachment-full size-full wp-post-image\" alt=\"\" \/>            <span class=\"latest-post__item__title\">Inovia Q1: 1 sortie, 1 nouvel investissement, un partenariat avec Mila pour lancer un fonds, et la 3e \u00e9dition de notre rapport !<\/span>\n          <\/a>\n                  <a href=\"https:\/\/www.inovia.vc\/fr\/conversations-inovia\/rapport-sur-letat-du-logiciel-canadien-ce-que-2025-signale-pour-2026\/\" class=\"latest-posts__item\">\n                          <div class=\"latest-posts__item__categories\">\n                                  <span class=\"latest-post__item__category\">Rapport<\/span>\n                              <\/div>\n                        <img loading=\"lazy\" decoding=\"async\" width=\"1024\" height=\"576\" src=\"https:\/\/www.inovia.vc\/wp-content\/uploads\/2026\/02\/2025-Blog-FR.png\" class=\"attachment-full size-full wp-post-image\" alt=\"\" \/>            <span class=\"latest-post__item__title\">Rapport sur l\u2019\u00e9tat du logiciel canadien : Ce que 2025 signale pour 2026<\/span>\n          <\/a>\n                  <a href=\"https:\/\/www.inovia.vc\/fr\/conversations-inovia\/soutenir-modem-le-premier-gestionnaire-de-produit-pm-agentique\/\" class=\"latest-posts__item\">\n                          <div class=\"latest-posts__item__categories\">\n                                  <span class=\"latest-post__item__category\">Investment<\/span>\n                                  <span class=\"latest-post__item__category\">Portfolio<\/span>\n                              <\/div>\n                        <img loading=\"lazy\" decoding=\"async\" width=\"1024\" height=\"579\" src=\"https:\/\/www.inovia.vc\/wp-content\/uploads\/2026\/02\/Modem-1024x579-1.png\" class=\"attachment-full size-full wp-post-image\" alt=\"\" \/>            <span class=\"latest-post__item__title\">Soutenir Modem \u2014 Le premier gestionnaire de produit (PM) agentique<\/span>\n          <\/a>\n              <\/div>\n      <\/div>\n  <\/section>\n","protected":false},"excerpt":{"rendered":"<p>Lisez les derni\u00e8res nouvelles, r\u00e9flexions et id\u00e9es de notre \u00e9quipe sur la cr\u00e9ation d\u2019entreprises technologiques mondiales durables.<\/p>\n","protected":false},"author":1,"featured_media":0,"parent":0,"menu_order":0,"comment_status":"closed","ping_status":"closed","template":"template-news.php","meta":{"_acf_changed":false,"_relevanssi_hide_post":"","_relevanssi_hide_content":"","_relevanssi_pin_for_all":"","_relevanssi_pin_keywords":"","_relevanssi_unpin_keywords":"","_relevanssi_related_keywords":"","_relevanssi_related_include_ids":"","_relevanssi_related_exclude_ids":"","_relevanssi_related_no_append":"","_relevanssi_related_not_related":"","_relevanssi_related_posts":"3603,3599,3569,3459,3602,3466","_relevanssi_noindex_reason":"","inline_featured_image":false,"footnotes":""},"class_list":["post-3076","page","type-page","status-publish","hentry"],"acf":[],"_links":{"self":[{"href":"https:\/\/www.inovia.vc\/fr\/wp-json\/wp\/v2\/pages\/3076","targetHints":{"allow":["GET"]}}],"collection":[{"href":"https:\/\/www.inovia.vc\/fr\/wp-json\/wp\/v2\/pages"}],"about":[{"href":"https:\/\/www.inovia.vc\/fr\/wp-json\/wp\/v2\/types\/page"}],"author":[{"embeddable":true,"href":"https:\/\/www.inovia.vc\/fr\/wp-json\/wp\/v2\/users\/1"}],"replies":[{"embeddable":true,"href":"https:\/\/www.inovia.vc\/fr\/wp-json\/wp\/v2\/comments?post=3076"}],"version-history":[{"count":8,"href":"https:\/\/www.inovia.vc\/fr\/wp-json\/wp\/v2\/pages\/3076\/revisions"}],"predecessor-version":[{"id":16259,"href":"https:\/\/www.inovia.vc\/fr\/wp-json\/wp\/v2\/pages\/3076\/revisions\/16259"}],"wp:attachment":[{"href":"https:\/\/www.inovia.vc\/fr\/wp-json\/wp\/v2\/media?parent=3076"}],"curies":[{"name":"wp","href":"https:\/\/api.w.org\/{rel}","templated":true}]}}