{"id":16284,"date":"2026-04-22T16:05:06","date_gmt":"2026-04-22T20:05:06","guid":{"rendered":"https:\/\/www.inovia.vc\/?page_id=16284"},"modified":"2026-04-22T16:13:07","modified_gmt":"2026-04-22T20:13:07","slug":"declaration-dengagement-en-matiere-daccessibilite","status":"publish","type":"page","link":"https:\/\/www.inovia.vc\/fr\/declaration-dengagement-en-matiere-daccessibilite\/","title":{"rendered":"D\u00e9claration d\u2019engagement en mati\u00e8re d\u2019accessibilit\u00e9"},"content":{"rendered":"\n<p>Inovia s\u2019engage \u00e0 offrir des services accessibles aux personnes en situation de handicap, conform\u00e9ment \u00e0 la Loi de 2005 sur l\u2019accessibilit\u00e9 pour les personnes handicap\u00e9es de l\u2019Ontario et au Code des droits de la personne de l\u2019Ontario.<\/p>\n\n\n\n<p>Nous nous effor\u00e7ons de fournir nos services d\u2019une mani\u00e8re qui respecte la dignit\u00e9 et l\u2019autonomie des personnes en situation de handicap. Des mesures d\u2019adaptation sont disponibles sur demande.<\/p>\n\n\n\n<p>Nous collaborerons avec les personnes concern\u00e9es afin de mettre en place des mesures d\u2019accessibilit\u00e9 appropri\u00e9es dans les meilleurs d\u00e9lais.<\/p>\n\n\n\n<p>Les commentaires concernant l\u2019accessibilit\u00e9 sont les bienvenus et peuvent \u00eatre envoy\u00e9s \u00e0 l\u2019adresse suivante : <a>legal@inovia.vc<\/a><\/p>\n\n\n\n<p><\/p>\n","protected":false},"excerpt":{"rendered":"<p>Inovia s\u2019engage \u00e0 offrir des services accessibles aux personnes en situation de handicap, conform\u00e9ment \u00e0 la Loi de 2005 sur l\u2019accessibilit\u00e9 pour les personnes handicap\u00e9es de l\u2019Ontario et au Code des droits de la personne de l\u2019Ontario. Nous nous effor\u00e7ons de fournir nos services d\u2019une mani\u00e8re qui respecte la dignit\u00e9 et l\u2019autonomie des personnes en&hellip;<\/p>\n","protected":false},"author":3,"featured_media":0,"parent":0,"menu_order":0,"comment_status":"closed","ping_status":"closed","template":"","meta":{"_acf_changed":false,"_relevanssi_hide_post":"","_relevanssi_hide_content":"","_relevanssi_pin_for_all":"","_relevanssi_pin_keywords":"","_relevanssi_unpin_keywords":"","_relevanssi_related_keywords":"","_relevanssi_related_include_ids":"","_relevanssi_related_exclude_ids":"","_relevanssi_related_no_append":"","_relevanssi_related_not_related":"","_relevanssi_related_posts":"8675,15966,2250,12792,6314,10317","_relevanssi_noindex_reason":"","inline_featured_image":false,"footnotes":""},"class_list":["post-16284","page","type-page","status-publish","hentry"],"acf":[],"_links":{"self":[{"href":"https:\/\/www.inovia.vc\/fr\/wp-json\/wp\/v2\/pages\/16284","targetHints":{"allow":["GET"]}}],"collection":[{"href":"https:\/\/www.inovia.vc\/fr\/wp-json\/wp\/v2\/pages"}],"about":[{"href":"https:\/\/www.inovia.vc\/fr\/wp-json\/wp\/v2\/types\/page"}],"author":[{"embeddable":true,"href":"https:\/\/www.inovia.vc\/fr\/wp-json\/wp\/v2\/users\/3"}],"replies":[{"embeddable":true,"href":"https:\/\/www.inovia.vc\/fr\/wp-json\/wp\/v2\/comments?post=16284"}],"version-history":[{"count":1,"href":"https:\/\/www.inovia.vc\/fr\/wp-json\/wp\/v2\/pages\/16284\/revisions"}],"predecessor-version":[{"id":16285,"href":"https:\/\/www.inovia.vc\/fr\/wp-json\/wp\/v2\/pages\/16284\/revisions\/16285"}],"wp:attachment":[{"href":"https:\/\/www.inovia.vc\/fr\/wp-json\/wp\/v2\/media?parent=16284"}],"curies":[{"name":"wp","href":"https:\/\/api.w.org\/{rel}","templated":true}]}}